{"id":27,"date":"2025-03-31T08:59:18","date_gmt":"2025-03-31T06:59:18","guid":{"rendered":"https:\/\/cornerlib.com\/public\/blog\/?page_id=27"},"modified":"2025-12-28T15:08:22","modified_gmt":"2025-12-28T14:08:22","slug":"bibliotheque-definition","status":"publish","type":"page","link":"https:\/\/cornerlib.com\/blog\/bibliotheque-definition\/","title":{"rendered":"Biblioth\u00e8que : Son origine et son incroyable \u00e9volution \u00e0 l&rsquo;\u00e8re du num\u00e9rique"},"content":{"rendered":"\n<p>Une <strong>biblioth\u00e8que<\/strong> est une <strong>institution fondamentale<\/strong> dans notre soci\u00e9t\u00e9 actuelle, jouant un r\u00f4le essentiel dans la <strong>pr\u00e9servation<\/strong> et la <strong>diffusion du savoir<\/strong>. Elle se d\u00e9finit comme un lieu o\u00f9 sont conserv\u00e9s des <strong><a href=\"https:\/\/cornerlib.com\/blog\/parties-dun-livre\/\">livres<\/a><\/strong>, des <strong>revues<\/strong>, des <strong>documents<\/strong> et d&rsquo;autres <strong>supports d&rsquo;information<\/strong>.<br>Les biblioth\u00e8ques peuvent \u00eatre <strong>publiques<\/strong>, <strong>universitaires<\/strong> ou <strong>sp\u00e9cialis\u00e9es<\/strong>, chacune ayant sa propre <strong>mission<\/strong> et ses <strong>collections<\/strong>.<\/p>\n\n\n\n<div id=\"ez-toc-container\" class=\"ez-toc-v2_0_82_2 counter-hierarchy ez-toc-counter ez-toc-grey ez-toc-container-direction\">\n<div class=\"ez-toc-title-container\">\n<p class=\"ez-toc-title\" style=\"cursor:inherit\">Table of Contents<\/p>\n<span class=\"ez-toc-title-toggle\"><a href=\"#\" class=\"ez-toc-pull-right ez-toc-btn ez-toc-btn-xs ez-toc-btn-default ez-toc-toggle\" aria-label=\"Toggle Table of Content\"><span class=\"ez-toc-js-icon-con\"><span class=\"\"><span class=\"eztoc-hide\" style=\"display:none;\">Toggle<\/span><span class=\"ez-toc-icon-toggle-span\"><svg style=\"fill: #999;color:#999\" xmlns=\"http:\/\/www.w3.org\/2000\/svg\" class=\"list-377408\" width=\"20px\" height=\"20px\" viewBox=\"0 0 24 24\" fill=\"none\"><path d=\"M6 6H4v2h2V6zm14 0H8v2h12V6zM4 11h2v2H4v-2zm16 0H8v2h12v-2zM4 16h2v2H4v-2zm16 0H8v2h12v-2z\" fill=\"currentColor\"><\/path><\/svg><svg style=\"fill: #999;color:#999\" class=\"arrow-unsorted-368013\" xmlns=\"http:\/\/www.w3.org\/2000\/svg\" width=\"10px\" height=\"10px\" viewBox=\"0 0 24 24\" version=\"1.2\" baseProfile=\"tiny\"><path d=\"M18.2 9.3l-6.2-6.3-6.2 6.3c-.2.2-.3.4-.3.7s.1.5.3.7c.2.2.4.3.7.3h11c.3 0 .5-.1.7-.3.2-.2.3-.5.3-.7s-.1-.5-.3-.7zM5.8 14.7l6.2 6.3 6.2-6.3c.2-.2.3-.5.3-.7s-.1-.5-.3-.7c-.2-.2-.4-.3-.7-.3h-11c-.3 0-.5.1-.7.3-.2.2-.3.5-.3.7s.1.5.3.7z\"\/><\/svg><\/span><\/span><\/span><\/a><\/span><\/div>\n<nav><ul class='ez-toc-list ez-toc-list-level-1 ' ><li class='ez-toc-page-1 ez-toc-heading-level-2'><a class=\"ez-toc-link ez-toc-heading-1\" href=\"https:\/\/cornerlib.com\/blog\/bibliotheque-definition\/#Historique_et_evolution_des_bibliotheques\" >Historique et \u00e9volution des biblioth\u00e8ques<\/a><\/li><li class='ez-toc-page-1 ez-toc-heading-level-2'><a class=\"ez-toc-link ez-toc-heading-2\" href=\"https:\/\/cornerlib.com\/blog\/bibliotheque-definition\/#Types_de_bibliotheques\" >Types de biblioth\u00e8ques<\/a><ul class='ez-toc-list-level-3' ><li class='ez-toc-heading-level-3'><a class=\"ez-toc-link ez-toc-heading-3\" href=\"https:\/\/cornerlib.com\/blog\/bibliotheque-definition\/#Bibliotheques_publiques\" >Biblioth\u00e8ques publiques<\/a><\/li><li class='ez-toc-page-1 ez-toc-heading-level-3'><a class=\"ez-toc-link ez-toc-heading-4\" href=\"https:\/\/cornerlib.com\/blog\/bibliotheque-definition\/#Bibliotheques_universitaires\" >Biblioth\u00e8ques universitaires<\/a><\/li><li class='ez-toc-page-1 ez-toc-heading-level-3'><a class=\"ez-toc-link ez-toc-heading-5\" href=\"https:\/\/cornerlib.com\/blog\/bibliotheque-definition\/#Bibliotheques_specialisees\" >Biblioth\u00e8ques sp\u00e9cialis\u00e9es<\/a><\/li><li class='ez-toc-page-1 ez-toc-heading-level-3'><a class=\"ez-toc-link ez-toc-heading-6\" href=\"https:\/\/cornerlib.com\/blog\/bibliotheque-definition\/#Bibliotheques_virtuelles\" >Biblioth\u00e8ques virtuelles<\/a><\/li><\/ul><\/li><li class='ez-toc-page-1 ez-toc-heading-level-2'><a class=\"ez-toc-link ez-toc-heading-7\" href=\"https:\/\/cornerlib.com\/blog\/bibliotheque-definition\/#Role_et_fonctions_des_bibliotheques\" >R\u00f4le et fonctions des biblioth\u00e8ques<\/a><\/li><li class='ez-toc-page-1 ez-toc-heading-level-2'><a class=\"ez-toc-link ez-toc-heading-8\" href=\"https:\/\/cornerlib.com\/blog\/bibliotheque-definition\/#Services_offerts_par_les_bibliotheques_modernes\" >Services offerts par les biblioth\u00e8ques modernes<\/a><\/li><li class='ez-toc-page-1 ez-toc-heading-level-2'><a class=\"ez-toc-link ez-toc-heading-9\" href=\"https:\/\/cornerlib.com\/blog\/bibliotheque-definition\/#Le_bibliothecaire_gardien_du_savoir_et_animateur_culturel\" >Le biblioth\u00e9caire : gardien du savoir et animateur culturel<\/a><\/li><li class='ez-toc-page-1 ez-toc-heading-level-2'><a class=\"ez-toc-link ez-toc-heading-10\" href=\"https:\/\/cornerlib.com\/blog\/bibliotheque-definition\/#Les_criteres_dune_bonne_bibliotheque\" >Les crit\u00e8res d\u2019une bonne biblioth\u00e8que<\/a><ul class='ez-toc-list-level-3' ><li class='ez-toc-heading-level-3'><a class=\"ez-toc-link ez-toc-heading-11\" href=\"https:\/\/cornerlib.com\/blog\/bibliotheque-definition\/#Accessibilite\" >Accessibilit\u00e9<\/a><\/li><li class='ez-toc-page-1 ez-toc-heading-level-3'><a class=\"ez-toc-link ez-toc-heading-12\" href=\"https:\/\/cornerlib.com\/blog\/bibliotheque-definition\/#Accueil_et_professionnalisme\" >Accueil et professionnalisme<\/a><\/li><li class='ez-toc-page-1 ez-toc-heading-level-3'><a class=\"ez-toc-link ez-toc-heading-13\" href=\"https:\/\/cornerlib.com\/blog\/bibliotheque-definition\/#Espaces_adaptes\" >Espaces adapt\u00e9s<\/a><\/li><li class='ez-toc-page-1 ez-toc-heading-level-3'><a class=\"ez-toc-link ez-toc-heading-14\" href=\"https:\/\/cornerlib.com\/blog\/bibliotheque-definition\/#Collection_riche_et_diversifiee\" >Collection riche et diversifi\u00e9e<\/a><\/li><li class='ez-toc-page-1 ez-toc-heading-level-3'><a class=\"ez-toc-link ez-toc-heading-15\" href=\"https:\/\/cornerlib.com\/blog\/bibliotheque-definition\/#Outils_numeriques_et_inclusion\" >Outils num\u00e9riques et inclusion<\/a><\/li><li class='ez-toc-page-1 ez-toc-heading-level-3'><a class=\"ez-toc-link ez-toc-heading-16\" href=\"https:\/\/cornerlib.com\/blog\/bibliotheque-definition\/#Role_culturel_et_social\" >R\u00f4le culturel et social<\/a><\/li><li class='ez-toc-page-1 ez-toc-heading-level-3'><a class=\"ez-toc-link ez-toc-heading-17\" href=\"https:\/\/cornerlib.com\/blog\/bibliotheque-definition\/#Capacite_dadaptation\" >Capacit\u00e9 d\u2019adaptation<\/a><\/li><\/ul><\/li><li class='ez-toc-page-1 ez-toc-heading-level-2'><a class=\"ez-toc-link ez-toc-heading-18\" href=\"https:\/\/cornerlib.com\/blog\/bibliotheque-definition\/#Importance_sociale_des_bibliotheques\" >Importance sociale des biblioth\u00e8ques<\/a><\/li><li class='ez-toc-page-1 ez-toc-heading-level-2'><a class=\"ez-toc-link ez-toc-heading-19\" href=\"https:\/\/cornerlib.com\/blog\/bibliotheque-definition\/#Defis_contemporains\" >D\u00e9fis contemporains<\/a><\/li><\/ul><\/nav><\/div>\n<h2 class=\"wp-block-heading\"><span class=\"ez-toc-section\" id=\"Historique_et_evolution_des_bibliotheques\"><\/span>Historique et \u00e9volution des biblioth\u00e8ques<span class=\"ez-toc-section-end\"><\/span><\/h2>\n\n\n\n<p>Le mot <strong>biblioth\u00e8que<\/strong> provient du grec ancien <em>biblioth\u00eak\u00ea<\/em>, qui signifie <strong>\u00ab bo\u00eete \u00e0 livres \u00bb<\/strong>. \u00c0 l\u2019origine, les premi\u00e8res biblioth\u00e8ques \u00e9taient souvent des <strong>collections priv\u00e9es<\/strong> de <strong>manuscrits pr\u00e9cieux<\/strong>.<br>Au fil du temps, elles ont \u00e9volu\u00e9 pour devenir des <strong>institutions publiques<\/strong> accessibles \u00e0 <strong>tous<\/strong>.<\/p>\n\n\n\n<p>Aujourd\u2019hui, les biblioth\u00e8ques ne se limitent plus aux <strong>livres imprim\u00e9s<\/strong>. Elles int\u00e8grent des <strong>ressources \u00e9lectroniques<\/strong>, des <strong>bases de donn\u00e9es en ligne<\/strong> et des <strong>archives num\u00e9riques<\/strong>, r\u00e9pondant aux besoins d\u2019une <strong>soci\u00e9t\u00e9 num\u00e9rique<\/strong>.<\/p>\n\n\n\n<h2 class=\"wp-block-heading\"><span class=\"ez-toc-section\" id=\"Types_de_bibliotheques\"><\/span>Types de biblioth\u00e8ques<span class=\"ez-toc-section-end\"><\/span><\/h2>\n\n\n\n<p>Il existe plusieurs <strong>types de biblioth\u00e8ques<\/strong>, chacune r\u00e9pondant \u00e0 des <strong>besoins sp\u00e9cifiques<\/strong>.<\/p>\n\n\n\n<h3 class=\"wp-block-heading\"><span class=\"ez-toc-section\" id=\"Bibliotheques_publiques\"><\/span>Biblioth\u00e8ques publiques<span class=\"ez-toc-section-end\"><\/span><\/h3>\n\n\n\n<p>Destin\u00e9es \u00e0 l\u2019<strong>ensemble de la communaut\u00e9<\/strong>, elles offrent un <strong>acc\u00e8s gratuit<\/strong> \u00e0 une grande vari\u00e9t\u00e9 de <strong>ressources<\/strong>.<\/p>\n\n\n\n<h3 class=\"wp-block-heading\"><span class=\"ez-toc-section\" id=\"Bibliotheques_universitaires\"><\/span>Biblioth\u00e8ques universitaires<span class=\"ez-toc-section-end\"><\/span><\/h3>\n\n\n\n<p>Sp\u00e9cialis\u00e9es dans la <strong>recherche acad\u00e9mique<\/strong>, elles fournissent des ressources adapt\u00e9es aux <strong>\u00e9tudiants<\/strong> et aux <strong>chercheurs<\/strong>.<\/p>\n\n\n\n<h3 class=\"wp-block-heading\"><span class=\"ez-toc-section\" id=\"Bibliotheques_specialisees\"><\/span>Biblioth\u00e8ques sp\u00e9cialis\u00e9es<span class=\"ez-toc-section-end\"><\/span><\/h3>\n\n\n\n<p>Ax\u00e9es sur des <strong>domaines pr\u00e9cis<\/strong> comme la <strong>m\u00e9decine<\/strong>, le <strong>droit<\/strong> ou l\u2019<strong>art<\/strong>, elles disposent de <strong>collections cibl\u00e9es<\/strong>.<\/p>\n\n\n\n<h3 class=\"wp-block-heading\"><span class=\"ez-toc-section\" id=\"Bibliotheques_virtuelles\"><\/span>Biblioth\u00e8ques virtuelles<span class=\"ez-toc-section-end\"><\/span><\/h3>\n\n\n\n<p>Elles offrent un <strong>acc\u00e8s en ligne<\/strong> \u00e0 des <strong>collections num\u00e9riques<\/strong>.<\/p>\n\n\n\n<h2 class=\"wp-block-heading\"><span class=\"ez-toc-section\" id=\"Role_et_fonctions_des_bibliotheques\"><\/span>R\u00f4le et fonctions des biblioth\u00e8ques<span class=\"ez-toc-section-end\"><\/span><\/h2>\n\n\n\n<p>Les biblioth\u00e8ques remplissent plusieurs <strong>fonctions essentielles<\/strong> :<\/p>\n\n\n\n<ul class=\"wp-block-list\">\n<li><strong>Conservation du savoir<\/strong> : pr\u00e9servation des <strong>documents historiques<\/strong> et <strong>contemporains<\/strong><\/li>\n\n\n\n<li><strong>Acc\u00e8s \u00e0 l\u2019information<\/strong> : mise \u00e0 disposition d\u2019une <strong>grande vari\u00e9t\u00e9 de ressources<\/strong><\/li>\n\n\n\n<li><strong>Promotion de la litt\u00e9ratie<\/strong> : encouragement de la <strong>lecture<\/strong> et de l\u2019<strong>apprentissage continu<\/strong><\/li>\n\n\n\n<li><strong>Espaces communautaires<\/strong> : lieux d\u2019<strong>\u00e9change<\/strong> et de <strong>rencontre sociale<\/strong><\/li>\n<\/ul>\n\n\n\n<h2 class=\"wp-block-heading\"><span class=\"ez-toc-section\" id=\"Services_offerts_par_les_bibliotheques_modernes\"><\/span>Services offerts par les biblioth\u00e8ques modernes<span class=\"ez-toc-section-end\"><\/span><\/h2>\n\n\n\n<p>Les biblioth\u00e8ques proposent de nombreux <strong>services<\/strong> :<\/p>\n\n\n\n<ul class=\"wp-block-list\">\n<li><strong>Pr\u00eat de livres<\/strong><\/li>\n\n\n\n<li><strong>Acc\u00e8s \u00e0 Internet<\/strong> et aux <strong>outils num\u00e9riques<\/strong><\/li>\n\n\n\n<li><strong>\u00c9v\u00e9nements culturels<\/strong> : conf\u00e9rences, ateliers, clubs de lecture<\/li>\n\n\n\n<li><strong>Assistance \u00e0 la recherche<\/strong> assur\u00e9e par les <strong>biblioth\u00e9caires<\/strong><\/li>\n<\/ul>\n\n\n\n<h2 class=\"wp-block-heading\"><span class=\"ez-toc-section\" id=\"Le_bibliothecaire_gardien_du_savoir_et_animateur_culturel\"><\/span>Le biblioth\u00e9caire : gardien du savoir et animateur culturel<span class=\"ez-toc-section-end\"><\/span><\/h2>\n\n\n\n<p>Le <strong>biblioth\u00e9caire<\/strong> est responsable de la <strong>gestion<\/strong> et du <strong>bon fonctionnement<\/strong> de la biblioth\u00e8que. Il joue un r\u00f4le central dans la <strong>mise \u00e0 disposition des ressources<\/strong>, l\u2019<strong>accueil du public<\/strong> et la <strong><a href=\"https:\/\/cornerlib.com\/blog\/strategies-pour-promouvoir-sa-bibliotheque\/\">promotion de la lecture<\/a><\/strong>.<\/p>\n\n\n\n<p>Ses missions comprennent :<\/p>\n\n\n\n<ul class=\"wp-block-list\">\n<li>la <strong>gestion du fonds documentaire<\/strong> (s\u00e9lection, acquisition, classement, conservation) ;<\/li>\n\n\n\n<li>l\u2019<strong>orientation des usagers<\/strong> et le <strong>conseil de lecture<\/strong> ;<\/li>\n\n\n\n<li>l\u2019<strong>animation culturelle<\/strong> (expositions, ateliers, rencontres d\u2019auteurs) ;<\/li>\n\n\n\n<li>la <strong>gestion administrative<\/strong>, le <strong>budget<\/strong>, les <strong>partenariats<\/strong> et parfois la <strong>num\u00e9risation<\/strong> des ressources.<\/li>\n<\/ul>\n\n\n\n<p>Le biblioth\u00e9caire est ainsi un <strong>acteur culturel engag\u00e9<\/strong>, au service de la <strong>connaissance<\/strong>, de l\u2019<strong>\u00e9ducation<\/strong> et du <strong>lien social<\/strong>.<\/p>\n\n\n\n<hr class=\"wp-block-separator has-alpha-channel-opacity\"\/>\n\n\n\n<h2 class=\"wp-block-heading\"><span class=\"ez-toc-section\" id=\"Les_criteres_dune_bonne_bibliotheque\"><\/span>Les crit\u00e8res d\u2019une bonne biblioth\u00e8que<span class=\"ez-toc-section-end\"><\/span><\/h2>\n\n\n\n<p>Une <strong>bonne biblioth\u00e8que<\/strong> se reconna\u00eet \u00e0 plusieurs <strong>crit\u00e8res essentiels<\/strong>.<\/p>\n\n\n\n<h3 class=\"wp-block-heading\"><span class=\"ez-toc-section\" id=\"Accessibilite\"><\/span>Accessibilit\u00e9<span class=\"ez-toc-section-end\"><\/span><\/h3>\n\n\n\n<p><strong>Emplacement pratique<\/strong>, <strong>horaires adapt\u00e9s<\/strong>, <strong>accessibilit\u00e9 aux personnes en situation de handicap<\/strong> et <strong>gratuit\u00e9<\/strong> des services.<\/p>\n\n\n\n<h3 class=\"wp-block-heading\"><span class=\"ez-toc-section\" id=\"Accueil_et_professionnalisme\"><\/span>Accueil et professionnalisme<span class=\"ez-toc-section-end\"><\/span><\/h3>\n\n\n\n<p>Un <strong>personnel form\u00e9<\/strong>, <strong>disponible<\/strong> et <strong>bienveillant<\/strong>.<\/p>\n\n\n\n<h3 class=\"wp-block-heading\"><span class=\"ez-toc-section\" id=\"Espaces_adaptes\"><\/span>Espaces adapt\u00e9s<span class=\"ez-toc-section-end\"><\/span><\/h3>\n\n\n\n<p><strong>Coins lecture<\/strong>, <strong>salles de travail<\/strong>, <strong>espaces jeunesse<\/strong> et <strong>zones multim\u00e9dias<\/strong> offrant <strong>confort<\/strong> et <strong>calme<\/strong>.<\/p>\n\n\n\n<h3 class=\"wp-block-heading\"><span class=\"ez-toc-section\" id=\"Collection_riche_et_diversifiee\"><\/span>Collection riche et diversifi\u00e9e<span class=\"ez-toc-section-end\"><\/span><\/h3>\n\n\n\n<p><strong>Livres<\/strong>, <strong>revues<\/strong>, <strong>ressources num\u00e9riques<\/strong>, <strong>films<\/strong>, <strong>musique<\/strong> et <strong>jeux<\/strong>, r\u00e9pondant \u00e0 tous les <strong>publics<\/strong>.<\/p>\n\n\n\n<h3 class=\"wp-block-heading\"><span class=\"ez-toc-section\" id=\"Outils_numeriques_et_inclusion\"><\/span>Outils num\u00e9riques et inclusion<span class=\"ez-toc-section-end\"><\/span><\/h3>\n\n\n\n<p><strong>Wi-Fi<\/strong>, <strong>ordinateurs<\/strong>, <strong>formations num\u00e9riques<\/strong> et <strong>accompagnement personnalis\u00e9<\/strong>.<\/p>\n\n\n\n<h3 class=\"wp-block-heading\"><span class=\"ez-toc-section\" id=\"Role_culturel_et_social\"><\/span>R\u00f4le culturel et social<span class=\"ez-toc-section-end\"><\/span><\/h3>\n\n\n\n<p>Organisation d\u2019<strong>\u00e9v\u00e9nements culturels<\/strong> et cr\u00e9ation de <strong>lien social<\/strong>.<\/p>\n\n\n\n<h3 class=\"wp-block-heading\"><span class=\"ez-toc-section\" id=\"Capacite_dadaptation\"><\/span>Capacit\u00e9 d\u2019adaptation<span class=\"ez-toc-section-end\"><\/span><\/h3>\n\n\n\n<p>\u00c9volution des <strong>services<\/strong>, des <strong>espaces<\/strong> et des <strong>collections<\/strong> selon les <strong>besoins des usagers<\/strong>.<\/p>\n\n\n\n<h2 class=\"wp-block-heading\"><span class=\"ez-toc-section\" id=\"Importance_sociale_des_bibliotheques\"><\/span>Importance sociale des biblioth\u00e8ques<span class=\"ez-toc-section-end\"><\/span><\/h2>\n\n\n\n<p>Les biblioth\u00e8ques jouent un r\u00f4le majeur dans le <strong>d\u00e9veloppement social et culturel<\/strong>. Elles contribuent \u00e0 la <strong>r\u00e9duction des in\u00e9galit\u00e9s<\/strong>, favorisent l\u2019<strong>inclusion<\/strong> et soutiennent l\u2019<strong>\u00e9ducation tout au long de la vie<\/strong>.<\/p>\n\n\n\n<h2 class=\"wp-block-heading\"><span class=\"ez-toc-section\" id=\"Defis_contemporains\"><\/span>D\u00e9fis contemporains<span class=\"ez-toc-section-end\"><\/span><\/h2>\n\n\n\n<p>Les biblioth\u00e8ques font face \u00e0 plusieurs <strong>d\u00e9fis<\/strong> :<\/p>\n\n\n\n<ul class=\"wp-block-list\">\n<li><strong>Num\u00e9risation croissante<\/strong><\/li>\n\n\n\n<li><strong>Contraintes financi\u00e8res<\/strong><\/li>\n\n\n\n<li><strong>Concurrence des autres m\u00e9dias<\/strong><\/li>\n<\/ul>\n\n\n\n<p>La biblioth\u00e8que est bien plus qu\u2019un <strong>lieu de pr\u00eat de livres<\/strong>. Elle constitue un <strong>espace d\u2019apprentissage<\/strong>, de <strong>culture<\/strong> et de <strong>partage<\/strong>. En s\u2019adaptant aux <strong>\u00e9volutions technologiques<\/strong> et aux <strong>besoins de la soci\u00e9t\u00e9<\/strong>, elle demeure un <strong>pilier essentiel<\/strong> garantissant l\u2019<strong>acc\u00e8s au savoir pour tous<\/strong>.<\/p>\n","protected":false},"excerpt":{"rendered":"<p>Une biblioth\u00e8que est une institution fondamentale dans notre soci\u00e9t\u00e9 actuelle, jouant un r\u00f4le essentiel dans&#8230;<\/p>\n","protected":false},"author":1,"featured_media":13,"parent":0,"menu_order":0,"comment_status":"closed","ping_status":"closed","template":"","meta":{"footnotes":""},"class_list":["post-27","page","type-page","status-publish","has-post-thumbnail","hentry"],"_links":{"self":[{"href":"https:\/\/cornerlib.com\/blog\/wp-json\/wp\/v2\/pages\/27","targetHints":{"allow":["GET"]}}],"collection":[{"href":"https:\/\/cornerlib.com\/blog\/wp-json\/wp\/v2\/pages"}],"about":[{"href":"https:\/\/cornerlib.com\/blog\/wp-json\/wp\/v2\/types\/page"}],"author":[{"embeddable":true,"href":"https:\/\/cornerlib.com\/blog\/wp-json\/wp\/v2\/users\/1"}],"replies":[{"embeddable":true,"href":"https:\/\/cornerlib.com\/blog\/wp-json\/wp\/v2\/comments?post=27"}],"version-history":[{"count":2,"href":"https:\/\/cornerlib.com\/blog\/wp-json\/wp\/v2\/pages\/27\/revisions"}],"predecessor-version":[{"id":176,"href":"https:\/\/cornerlib.com\/blog\/wp-json\/wp\/v2\/pages\/27\/revisions\/176"}],"wp:featuredmedia":[{"embeddable":true,"href":"https:\/\/cornerlib.com\/blog\/wp-json\/wp\/v2\/media\/13"}],"wp:attachment":[{"href":"https:\/\/cornerlib.com\/blog\/wp-json\/wp\/v2\/media?parent=27"}],"curies":[{"name":"wp","href":"https:\/\/api.w.org\/{rel}","templated":true}]}}